{"id":53,"date":"2019-07-20T19:24:51","date_gmt":"2019-07-20T19:24:51","guid":{"rendered":"http:\/\/www.hosteliguazufalls.com.ar\/?page_id=53"},"modified":"2022-09-07T14:53:04","modified_gmt":"2022-09-07T14:53:04","slug":"compartidas-femeninas","status":"publish","type":"page","link":"https:\/\/iguazufalls.ar\/index.php\/mixtas-2\/compartidas-femeninas\/","title":{"rendered":"Compartidas Femeninas"},"content":{"rendered":"\n<p>Desayuno &#8211; Ba\u00f1os Compartidos &#8211; WiFi<\/p>\n<p>Otros Servicios<p>\n<p>Servicio toallas y jab\u00f3n (De Pago)<p>\n<p>S\u00e1banas, frazadas y colchas.<br>Servicio de limpieza<br>Agua Caliente<br>Abierto las 24 horas<br>Informaci\u00f3n Tur\u00edstica<br>   <\/p>\n","protected":false},"excerpt":{"rendered":"<p>Desayuno &#8211; Ba\u00f1os Compartidos &#8211; WiFi Otros Servicios Servicio toallas y jab\u00f3n (De Pago) S\u00e1banas, frazadas y colchas.Servicio de limpiezaAgua CalienteAbierto las 24 horasInformaci\u00f3n Tur\u00edstica<\/p>\n","protected":false},"author":2,"featured_media":162,"parent":110,"menu_order":2,"comment_status":"closed","ping_status":"closed","template":"","meta":{"om_disable_all_campaigns":false,"_monsterinsights_skip_tracking":false,"_monsterinsights_sitenote_active":false,"_monsterinsights_sitenote_note":"","_monsterinsights_sitenote_category":0,"footnotes":""},"class_list":["post-53","page","type-page","status-publish","has-post-thumbnail","hentry"],"_links":{"self":[{"href":"https:\/\/iguazufalls.ar\/index.php\/wp-json\/wp\/v2\/pages\/53","targetHints":{"allow":["GET"]}}],"collection":[{"href":"https:\/\/iguazufalls.ar\/index.php\/wp-json\/wp\/v2\/pages"}],"about":[{"href":"https:\/\/iguazufalls.ar\/index.php\/wp-json\/wp\/v2\/types\/page"}],"author":[{"embeddable":true,"href":"https:\/\/iguazufalls.ar\/index.php\/wp-json\/wp\/v2\/users\/2"}],"replies":[{"embeddable":true,"href":"https:\/\/iguazufalls.ar\/index.php\/wp-json\/wp\/v2\/comments?post=53"}],"version-history":[{"count":3,"href":"https:\/\/iguazufalls.ar\/index.php\/wp-json\/wp\/v2\/pages\/53\/revisions"}],"predecessor-version":[{"id":403,"href":"https:\/\/iguazufalls.ar\/index.php\/wp-json\/wp\/v2\/pages\/53\/revisions\/403"}],"up":[{"embeddable":true,"href":"https:\/\/iguazufalls.ar\/index.php\/wp-json\/wp\/v2\/pages\/110"}],"wp:featuredmedia":[{"embeddable":true,"href":"https:\/\/iguazufalls.ar\/index.php\/wp-json\/wp\/v2\/media\/162"}],"wp:attachment":[{"href":"https:\/\/iguazufalls.ar\/index.php\/wp-json\/wp\/v2\/media?parent=53"}],"curies":[{"name":"wp","href":"https:\/\/api.w.org\/{rel}","templated":true}]}}