{"id":157,"date":"2019-08-12T23:24:25","date_gmt":"2019-08-12T23:24:25","guid":{"rendered":"http:\/\/www.hosteliguazufalls.com.ar\/?page_id=157"},"modified":"2019-08-12T23:24:25","modified_gmt":"2019-08-12T23:24:25","slug":"servicios","status":"publish","type":"page","link":"https:\/\/iguazufalls.ar\/index.php\/servicios\/","title":{"rendered":"Servicios"},"content":{"rendered":"\n<p>SERVICIOS MAS POPULARES<\/p>\n\n\n\n<p class=\"has-text-align-center\"><strong>Pileta &#8211; WiFi &#8211; Parrilla &#8211; Recepcion 24Hs &#8211; Traslados (Aeropuerto)<\/strong><\/p>\n\n\n\n\n\n\n\n\n\n\n\n<p>El Hostel Iguazu Falls cuenta con un jard\u00edn con hamacas y una pileta. Ofrece habitaciones con conexi\u00f3n inal\u00e1mbrica a internet gratuita y desayuno en el centro de Puerto Iguaz\u00fa. Tiene a su disposici\u00f3n una cocina com\u00fan y una zona de parrilla. Las cataratas del Iguaz\u00fa est\u00e1n a 20 km.<\/p>\n\n\n\n<p>Las habitaciones del Iguaz\u00fa Falls Hostel cuentan con grandes ventanas, que dan mucha luz. Algunas tienen ba\u00f1o privado.<\/p>\n\n\n\n<p>Los hu\u00e9spedes podr\u00e1n relajarse en el jard\u00edn o en el sal\u00f3n, que cuenta con una TV. Tambi\u00e9n tiene servicio de lavander\u00eda y de guardaequipaje. En el mostrador de informaci\u00f3n tur\u00edstica se pueden reservar excursiones.<\/p>\n\n\n\n<p>El Hostel Iguazu Falls se encuentra a 100 metros de la terminal de buses.<\/p>\n\n\n\n<p>\u00a1Hablamos tu idioma!<\/p>\n","protected":false},"excerpt":{"rendered":"<p>SERVICIOS MAS POPULARES Pileta &#8211; WiFi &#8211; Parrilla &#8211; Recepcion 24Hs &#8211; Traslados (Aeropuerto) El Hostel Iguazu Falls cuenta con un jard\u00edn con hamacas y una pileta. Ofrece habitaciones con conexi\u00f3n inal\u00e1mbrica a internet gratuita y desayuno en el centro de Puerto Iguaz\u00fa. Tiene a &hellip; <\/p>\n","protected":false},"author":2,"featured_media":0,"parent":0,"menu_order":0,"comment_status":"closed","ping_status":"closed","template":"","meta":{"om_disable_all_campaigns":false,"_monsterinsights_skip_tracking":false,"_monsterinsights_sitenote_active":false,"_monsterinsights_sitenote_note":"","_monsterinsights_sitenote_category":0,"footnotes":""},"class_list":["post-157","page","type-page","status-publish","hentry"],"_links":{"self":[{"href":"https:\/\/iguazufalls.ar\/index.php\/wp-json\/wp\/v2\/pages\/157","targetHints":{"allow":["GET"]}}],"collection":[{"href":"https:\/\/iguazufalls.ar\/index.php\/wp-json\/wp\/v2\/pages"}],"about":[{"href":"https:\/\/iguazufalls.ar\/index.php\/wp-json\/wp\/v2\/types\/page"}],"author":[{"embeddable":true,"href":"https:\/\/iguazufalls.ar\/index.php\/wp-json\/wp\/v2\/users\/2"}],"replies":[{"embeddable":true,"href":"https:\/\/iguazufalls.ar\/index.php\/wp-json\/wp\/v2\/comments?post=157"}],"version-history":[{"count":0,"href":"https:\/\/iguazufalls.ar\/index.php\/wp-json\/wp\/v2\/pages\/157\/revisions"}],"wp:attachment":[{"href":"https:\/\/iguazufalls.ar\/index.php\/wp-json\/wp\/v2\/media?parent=157"}],"curies":[{"name":"wp","href":"https:\/\/api.w.org\/{rel}","templated":true}]}}